{"id":883,"date":"2018-12-21T16:03:44","date_gmt":"2018-12-21T13:03:44","guid":{"rendered":"https:\/\/www.ikbaldenizcilik.com\/insan-kaynaklari\/"},"modified":"2019-02-13T16:24:49","modified_gmt":"2019-02-13T13:24:49","slug":"human-resources","status":"publish","type":"page","link":"https:\/\/www.ikbaldenizcilik.com\/en\/human-resources\/","title":{"rendered":"Human resources"},"content":{"rendered":"<p>[vc_row][vc_column width=&#8221;1\/2&#8243;]<div id=\"cz_30647\" class=\"cz_30647 cz_image clr cz_image_no_fx\"><div class=\"\"><div class=\"cz_image_in\"><div class=\"cz_main_image\"><img width=\"605\" height=\"605\" src=\"data:image\/svg+xml,%3Csvg%20xmlns%3D&#39;http%3A%2F%2Fwww.w3.org%2F2000%2Fsvg&#39;%20width=&#39;605&#39;%20height=&#39;605&#39;%20viewBox%3D&#39;0%200%20605%20605&#39;%2F%3E\" data-czlz data-src=\"https:\/\/www.ikbaldenizcilik.com\/wp-content\/uploads\/2019\/02\/insan-kaynaklari.jpg\" class=\"attachment-full\" alt=\"\" decoding=\"async\" loading=\"lazy\" data-srcset=\"https:\/\/www.ikbaldenizcilik.com\/wp-content\/uploads\/2019\/02\/insan-kaynaklari.jpg 605w, https:\/\/www.ikbaldenizcilik.com\/wp-content\/uploads\/2019\/02\/insan-kaynaklari-80x80.jpg 80w, https:\/\/www.ikbaldenizcilik.com\/wp-content\/uploads\/2019\/02\/insan-kaynaklari-300x300.jpg 300w, https:\/\/www.ikbaldenizcilik.com\/wp-content\/uploads\/2019\/02\/insan-kaynaklari-600x600.jpg 600w\" data-sizes=\"(max-width: 605px) 100vw, 605px\" \/><\/div><\/div><\/div><\/div>[\/vc_column][vc_column width=&#8221;1\/2&#8243;][vc_column_text]<\/p>\n<h3>Human Resources Form<\/h3>\n<div class=\"wpb_text_column wpb_content_element \">\n<div class=\"wpb_wrapper\">\n<p>You can fill out the form and apply. All applications are returned.<\/p>\n<\/div>\n<\/div>\n<div role=\"form\" class=\"wpcf7\" id=\"wpcf7-f1244-o1\" lang=\"tr-TR\" dir=\"ltr\">\n<div class=\"screen-reader-response\"><\/div>\n<form action=\"\/en\/wp-json\/wp\/v2\/pages\/883\/#wpcf7-f1244-o1\" method=\"post\" class=\"wpcf7-form\" enctype=\"multipart\/form-data\" novalidate=\"novalidate\">\n<div style=\"display: none;\">\n<input type=\"hidden\" name=\"_wpcf7\" value=\"1244\" \/>\n<input type=\"hidden\" name=\"_wpcf7_version\" value=\"5.1.6\" \/>\n<input type=\"hidden\" name=\"_wpcf7_locale\" value=\"tr_TR\" \/>\n<input type=\"hidden\" name=\"_wpcf7_unit_tag\" value=\"wpcf7-f1244-o1\" \/>\n<input type=\"hidden\" name=\"_wpcf7_container_post\" value=\"0\" \/>\n<\/div>\n<p><span class=\"wpcf7-form-control-wrap your-name\"><input type=\"text\" name=\"your-name\" value=\"\" size=\"40\" class=\"wpcf7-form-control wpcf7-text wpcf7-validates-as-required\" aria-required=\"true\" aria-invalid=\"false\" placeholder=\"Ad Soyad (*)\" \/><\/span><\/p>\n<p><span class=\"wpcf7-form-control-wrap your-email\"><input type=\"email\" name=\"your-email\" value=\"\" size=\"40\" class=\"wpcf7-form-control wpcf7-text wpcf7-email wpcf7-validates-as-required wpcf7-validates-as-email\" aria-required=\"true\" aria-invalid=\"false\" placeholder=\"E-Posta (*)\" \/><\/span><\/p>\n<p><span class=\"wpcf7-form-control-wrap your-phone\"><input type=\"text\" name=\"your-phone\" value=\"\" size=\"40\" class=\"wpcf7-form-control wpcf7-text\" aria-invalid=\"false\" placeholder=\"Telefon (*)\" \/><\/span><\/p>\n<p><span class=\"wpcf7-form-control-wrap your-message\"><textarea name=\"your-message\" cols=\"40\" rows=\"10\" class=\"wpcf7-form-control wpcf7-textarea\" aria-invalid=\"false\" placeholder=\"Sizi Tan\u0131yabilir miyiz? L\u00fctfen bu alanda kendinizden bahsedin.\"><\/textarea><\/span> <\/p>\n<p>CV - \u00d6z Ge\u00e7mi\u015finiz<\/p>\n<p><span class=\"wpcf7-form-control-wrap file-949\"><input type=\"file\" name=\"file-949\" size=\"40\" class=\"wpcf7-form-control wpcf7-file\" id=\"CV-zGemiiniz\" accept=\".jpg,.jpeg,.png,.gif,.pdf,.doc,.docx,.ppt,.pptx,.odt,.avi,.ogg,.m4a,.mov,.mp3,.mp4,.mpg,.wav,.wmv\" aria-invalid=\"false\" \/><\/span><\/p>\n<p><br><\/p>\n<p><input type=\"submit\" value=\"Formu G\u00f6nder\" class=\"wpcf7-form-control wpcf7-submit\" \/><\/p>\n<div class=\"wpcf7-response-output wpcf7-display-none\"><\/div><\/form><\/div>[\/vc_column_text][\/vc_column][\/vc_row]<\/p>\n","protected":false},"excerpt":{"rendered":"<p>[vc_row][vc_column width=&#8221;1\/2&#8243;][\/vc_column][vc_column width=&#8221;1\/2&#8243;][vc_column_text] Human Resources Form You can fill out the form and apply. All applications are returned. [\/vc_column_text][\/vc_column][\/vc_row] &#8230; <\/p>\n","protected":false},"author":1,"featured_media":0,"parent":0,"menu_order":0,"comment_status":"closed","ping_status":"closed","template":"","meta":[],"_links":{"self":[{"href":"https:\/\/www.ikbaldenizcilik.com\/en\/wp-json\/wp\/v2\/pages\/883\/"}],"collection":[{"href":"https:\/\/www.ikbaldenizcilik.com\/en\/wp-json\/wp\/v2\/pages\/"}],"about":[{"href":"https:\/\/www.ikbaldenizcilik.com\/en\/wp-json\/wp\/v2\/types\/page\/"}],"author":[{"embeddable":true,"href":"https:\/\/www.ikbaldenizcilik.com\/en\/wp-json\/wp\/v2\/users\/1\/"}],"replies":[{"embeddable":true,"href":"https:\/\/www.ikbaldenizcilik.com\/en\/wp-json\/wp\/v2\/comments\/?post=883"}],"version-history":[{"count":0,"href":"https:\/\/www.ikbaldenizcilik.com\/en\/wp-json\/wp\/v2\/pages\/883\/revisions\/"}],"wp:attachment":[{"href":"https:\/\/www.ikbaldenizcilik.com\/en\/wp-json\/wp\/v2\/media\/?parent=883"}],"curies":[{"name":"wp","href":"https:\/\/api.w.org\/{rel}","templated":true}]}}