{"id":885,"date":"2017-06-10T08:25:52","date_gmt":"2017-06-10T05:25:52","guid":{"rendered":"https:\/\/www.ikbaldenizcilik.com\/iletisim\/"},"modified":"2019-02-15T15:27:01","modified_gmt":"2019-02-15T12:27:01","slug":"contact","status":"publish","type":"page","link":"https:\/\/www.ikbaldenizcilik.com\/en\/contact\/","title":{"rendered":"Contact"},"content":{"rendered":"<p>[vc_row][vc_column css=&#8221;.vc_custom_1514616783294{padding-right: 40px !important;}&#8221; offset=&#8221;vc_col-lg-8&#8243;]<div class=\"cz_gap clr \" style=\"height: 20px\"><\/div><div id=\"cz_45532\" class=\"cz_45532 cz_title clr cz_title_pos_inline\"><div class=\"cz_title_shape shape_icon cz_shape_1\"><i class=\"fa fa-fire\"><\/i><\/div><div class=\"cz_title_content\"><div class=\"cz_wpe_content\"><p><span style=\"color: #808080; font-size: 18px;\">We will return as soon as possible &#8230;<\/span><\/p>\n<h3><span style=\"font-size: 40px;\">Send an<\/span><span style=\"font-size: 40px;\"><span style=\"color: #f68420;\">\u00a0E-Mail<\/span><\/span><\/h3>\n<\/div><\/div><\/div><div class=\"cz_gap clr \" style=\"height: 60px\"><\/div>[vc_column_text]<span style=\"font-size: 18px;\">You can reach us for your requests, questions, suggestions and complaints by using the following communication channels.<\/span>[\/vc_column_text]<div class=\"cz_gap clr \" style=\"height: 30px\"><\/div><div id=\"cz_103834\" class=\"cz_103834 cz_cf7 clr\"><div><div role=\"form\" class=\"wpcf7\" id=\"wpcf7-f1103-o1\" lang=\"tr-TR\" dir=\"ltr\">\n<div class=\"screen-reader-response\"><\/div>\n<form action=\"\/en\/wp-json\/wp\/v2\/pages\/885\/#wpcf7-f1103-o1\" method=\"post\" class=\"wpcf7-form\" novalidate=\"novalidate\">\n<div style=\"display: none;\">\n<input type=\"hidden\" name=\"_wpcf7\" value=\"1103\" \/>\n<input type=\"hidden\" name=\"_wpcf7_version\" value=\"5.1.6\" \/>\n<input type=\"hidden\" name=\"_wpcf7_locale\" value=\"tr_TR\" \/>\n<input type=\"hidden\" name=\"_wpcf7_unit_tag\" value=\"wpcf7-f1103-o1\" \/>\n<input type=\"hidden\" name=\"_wpcf7_container_post\" value=\"0\" \/>\n<\/div>\n<p><label> Ad\u0131n\u0131z (*) <\/label><br \/>\n<span class=\"wpcf7-form-control-wrap your-name\"><input type=\"text\" name=\"your-name\" value=\"\" size=\"40\" class=\"wpcf7-form-control wpcf7-text wpcf7-validates-as-required\" aria-required=\"true\" aria-invalid=\"false\" \/><\/span><\/p>\n<p><label> E-Posta (*) <\/label><br \/>\n<span class=\"wpcf7-form-control-wrap your-email\"><input type=\"email\" name=\"your-email\" value=\"\" size=\"40\" class=\"wpcf7-form-control wpcf7-text wpcf7-email wpcf7-validates-as-required wpcf7-validates-as-email\" aria-required=\"true\" aria-invalid=\"false\" \/><\/span><\/p>\n<p><label> Telefon <\/label><br \/>\n<span class=\"wpcf7-form-control-wrap your-phone\"><input type=\"text\" name=\"your-phone\" value=\"\" size=\"40\" class=\"wpcf7-form-control wpcf7-text\" aria-invalid=\"false\" \/><\/span><\/p>\n<p><label> Konu<\/label><br \/>\n<span class=\"wpcf7-form-control-wrap konu\"><input type=\"text\" name=\"konu\" value=\"\" size=\"40\" class=\"wpcf7-form-control wpcf7-text\" aria-invalid=\"false\" \/><\/span><\/p>\n<p><label> Mesaj <\/label><br \/>\n<span class=\"wpcf7-form-control-wrap your-message\"><textarea name=\"your-message\" cols=\"40\" rows=\"10\" class=\"wpcf7-form-control wpcf7-textarea\" aria-invalid=\"false\"><\/textarea><\/span><\/p>\n<p><input type=\"submit\" value=\"Formu G\u00f6nder\" class=\"wpcf7-form-control wpcf7-submit\" \/><\/p>\n<div class=\"wpcf7-response-output wpcf7-display-none\"><\/div><\/form><\/div><\/div><\/div><div class=\"cz_gap clr \" style=\"height: 50px\"><\/div>[\/vc_column][vc_column offset=&#8221;vc_col-lg-4&#8243;]<div class=\"cz_eqh cz_content_box_parent_fx  \"><div id=\"cz_74865\" class=\"cz_74865 cz_content_box clr\"><div class=\"cz_box_front clr\"><div class=\"cz_box_front_inner clr \"><div><ul id=\"cz_12920\" class=\"cz_12920 cz_stylish_list clr cz_sl_icon_hover_zoom_in\"><li class=\"clr\"><div class=\"cz_sl_icon\"><i class=\"fa fa-map-marker mr10\"><\/i><\/div><div><span>\u0130\u00e7meler Mah. Ayd\u0131nl\u0131yolu Cad. Kardelen Apt. No:10 Kat:4\/14 Tuzla\/\u0130STANBUL<\/span><\/div><\/li><li class=\"clr\"><a href=\"tel:02163929591\"><div class=\"cz_sl_icon\"><i class=\"fa fa-phone mr10\"><\/i><\/div><div><span>0216 392 95 91<\/span><\/div><\/a><\/li><li class=\"clr\"><a href=\"mailto:newyork@gmail.com\"><div class=\"cz_sl_icon\"><i class=\"fa fa-envelope mr10\"><\/i><\/div><div><span>info@ikbaldenizcilik.com<\/span><\/div><\/a><\/li><\/ul><div class=\"cz_gap clr \" style=\"height: 40px\"><\/div>[vc_raw_html]JTNDaWZyYW1lJTIwc3JjJTNEJTIyaHR0cHMlM0ElMkYlMkZ3d3cuZ29vZ2xlLmNvbSUyRm1hcHMlMkZlbWJlZCUzRnBiJTNEJTIxMW0xNCUyMTFtOCUyMTFtMyUyMTFkMTIwNzIuMDA1MzE5ODIxMTM1JTIxMmQyOS4yOTkzMjIxJTIxM2Q0MC44NDk4OTQ2JTIxM20yJTIxMWkxMDI0JTIxMmk3NjglMjE0ZjEzLjElMjEzbTMlMjExbTIlMjExczB4MCUyNTNBMHg0MjliZGQ3Y2Q0NDk4MGIyJTIxMnMlMjVDNCUyNUIwa2JhbCUyQkRlbml6Y2lsaWslMkItJTJCQmFsbGFzdCUyQldhdGVyJTJCTWFuYWdtZW50LSUyQlBpcGluZyUyMTVlMCUyMTNtMiUyMTFzdHIlMjEyc3RyJTIxNHYxNTUwMjMzNTc0NTM3JTIyJTIwd2lkdGglM0QlMjIzMzMlMjIlMjBoZWlnaHQlM0QlMjI2MzAlMjIlMjBmcmFtZWJvcmRlciUzRCUyMjAlMjIlMjBzdHlsZSUzRCUyMmJvcmRlciUzQTAlMjIlMjBhbGxvd2Z1bGxzY3JlZW4lM0UlM0MlMkZpZnJhbWUlM0U=[\/vc_raw_html]<\/div><\/div><\/div><\/div><\/div>[\/vc_column][\/vc_row][vc_row][vc_column]<div class=\"cz_gap clr \" style=\"height: 40px\"><\/div>[\/vc_column][\/vc_row]<\/p>\n","protected":false},"excerpt":{"rendered":"<p>[vc_row][vc_column css=&#8221;.vc_custom_1514616783294{padding-right: 40px !important;}&#8221; offset=&#8221;vc_col-lg-8&#8243;][vc_column_text]You can reach us for your requests, questions, suggestions and complaints by using the following communication &#8230; <\/p>\n","protected":false},"author":1,"featured_media":0,"parent":0,"menu_order":0,"comment_status":"closed","ping_status":"closed","template":"","meta":[],"_links":{"self":[{"href":"https:\/\/www.ikbaldenizcilik.com\/en\/wp-json\/wp\/v2\/pages\/885\/"}],"collection":[{"href":"https:\/\/www.ikbaldenizcilik.com\/en\/wp-json\/wp\/v2\/pages\/"}],"about":[{"href":"https:\/\/www.ikbaldenizcilik.com\/en\/wp-json\/wp\/v2\/types\/page\/"}],"author":[{"embeddable":true,"href":"https:\/\/www.ikbaldenizcilik.com\/en\/wp-json\/wp\/v2\/users\/1\/"}],"replies":[{"embeddable":true,"href":"https:\/\/www.ikbaldenizcilik.com\/en\/wp-json\/wp\/v2\/comments\/?post=885"}],"version-history":[{"count":0,"href":"https:\/\/www.ikbaldenizcilik.com\/en\/wp-json\/wp\/v2\/pages\/885\/revisions\/"}],"wp:attachment":[{"href":"https:\/\/www.ikbaldenizcilik.com\/en\/wp-json\/wp\/v2\/media\/?parent=885"}],"curies":[{"name":"wp","href":"https:\/\/api.w.org\/{rel}","templated":true}]}}